{"id":29,"date":"2023-05-19T15:44:40","date_gmt":"2023-05-19T15:44:40","guid":{"rendered":"https:\/\/macadent.com\/index.php\/product\/hoodie-with-logo\/"},"modified":"2025-11-04T16:08:30","modified_gmt":"2025-11-04T16:08:30","slug":"hoodie-with-logo","status":"publish","type":"product","link":"https:\/\/macadent.com\/index.php\/product\/hoodie-with-logo\/","title":{"rendered":"Ba\u00fales Dentales"},"content":{"rendered":"<p>Peque\u00f1as cajitas en forma de ba\u00fal para guardar los dientecitos<\/p>\n<p>Sets de 7 unidades<\/p>\n","protected":false},"excerpt":{"rendered":"<p>This is a simple product.<\/p>\n","protected":false},"featured_media":30,"comment_status":"open","ping_status":"closed","template":"","meta":{"site-sidebar-layout":"default","site-content-layout":"default","ast-global-header-display":"","ast-banner-title-visibility":"","ast-main-header-display":"","ast-hfb-above-header-display":"","ast-hfb-below-header-display":"","ast-hfb-mobile-header-display":"","site-post-title":"","ast-breadcrumbs-content":"","ast-featured-img":"","footer-sml-layout":"","theme-transparent-header-meta":"default","adv-header-id-meta":"","stick-header-meta":"","header-above-stick-meta":"","header-main-stick-meta":"","header-below-stick-meta":""},"product_cat":[20],"product_tag":[21],"_links":{"self":[{"href":"https:\/\/macadent.com\/index.php\/wp-json\/wp\/v2\/product\/29"}],"collection":[{"href":"https:\/\/macadent.com\/index.php\/wp-json\/wp\/v2\/product"}],"about":[{"href":"https:\/\/macadent.com\/index.php\/wp-json\/wp\/v2\/types\/product"}],"replies":[{"embeddable":true,"href":"https:\/\/macadent.com\/index.php\/wp-json\/wp\/v2\/comments?post=29"}],"wp:featuredmedia":[{"embeddable":true,"href":"https:\/\/macadent.com\/index.php\/wp-json\/wp\/v2\/media\/30"}],"wp:attachment":[{"href":"https:\/\/macadent.com\/index.php\/wp-json\/wp\/v2\/media?parent=29"}],"wp:term":[{"taxonomy":"product_cat","embeddable":true,"href":"https:\/\/macadent.com\/index.php\/wp-json\/wp\/v2\/product_cat?post=29"},{"taxonomy":"product_tag","embeddable":true,"href":"https:\/\/macadent.com\/index.php\/wp-json\/wp\/v2\/product_tag?post=29"}],"curies":[{"name":"wp","href":"https:\/\/api.w.org\/{rel}","templated":true}]}}